{"id":1998,"date":"2024-01-03T05:00:36","date_gmt":"2024-01-03T04:00:36","guid":{"rendered":"https:\/\/www.rimpar.de\/?page_id=1998"},"modified":"2026-03-17T09:46:25","modified_gmt":"2026-03-17T08:46:25","slug":"alte-knabenschule","status":"publish","type":"page","link":"https:\/\/www.rimpar.de\/en\/gemeinde\/alte-knabenschule\/","title":{"rendered":"Old Boys' School"},"content":{"rendered":"<div data-elementor-type=\"wp-page\" data-elementor-id=\"1998\" class=\"elementor elementor-1998\" data-elementor-post-type=\"page\">\n\t\t\t\t<div class=\"elementor-element elementor-element-db11657 e-flex e-con-boxed e-con e-parent\" data-id=\"db11657\" data-element_type=\"container\" data-e-type=\"container\" data-settings=\"{&quot;background_background&quot;:&quot;classic&quot;}\">\n\t\t\t\t\t<div class=\"e-con-inner\">\n\t\t<div class=\"elementor-element elementor-element-2d61d76 e-flex e-con-boxed e-con e-child\" data-id=\"2d61d76\" data-element_type=\"container\" data-e-type=\"container\">\n\t\t\t\t\t<div class=\"e-con-inner\">\n\t\t<div class=\"elementor-element elementor-element-07b2c7e e-con-full e-flex e-con e-child\" data-id=\"07b2c7e\" data-element_type=\"container\" data-e-type=\"container\">\n\t\t\t\t<div class=\"elementor-element elementor-element-129b3e7 elementor-widget elementor-widget-shortcode\" data-id=\"129b3e7\" data-element_type=\"widget\" data-e-type=\"widget\" data-widget_type=\"shortcode.default\">\n\t\t\t\t<div class=\"elementor-widget-container\">\n\t\t\t\t\t\t\t<div class=\"elementor-shortcode\"><nav class=\"breadcrumbs\"><a href=\"https:\/\/www.rimpar.de\/en\">Startseite<\/a> &raquo; <\/nav><\/div>\n\t\t\t\t\t\t<\/div>\n\t\t\t\t<\/div>\n\t\t\t\t<\/div>\n\t\t\t\t\t<\/div>\n\t\t\t\t<\/div>\n\t\t\t\t\t<\/div>\n\t\t\t\t<\/div>\n\t\t<div class=\"elementor-element elementor-element-1ecf54c e-flex e-con-boxed e-con e-parent\" data-id=\"1ecf54c\" data-element_type=\"container\" data-e-type=\"container\" data-settings=\"{&quot;background_background&quot;:&quot;classic&quot;}\">\n\t\t\t\t\t<div class=\"e-con-inner\">\n\t\t<div class=\"elementor-element elementor-element-7610cb1 e-flex e-con-boxed e-con e-child\" data-id=\"7610cb1\" data-element_type=\"container\" data-e-type=\"container\">\n\t\t\t\t\t<div class=\"e-con-inner\">\n\t\t\t\t<div class=\"elementor-element elementor-element-141c32f elementor-widget elementor-widget-heading\" data-id=\"141c32f\" data-element_type=\"widget\" data-e-type=\"widget\" data-widget_type=\"heading.default\">\n\t\t\t\t<div class=\"elementor-widget-container\">\n\t\t\t\t\t<h3 class=\"elementor-heading-title elementor-size-default\">Old Boys' School<\/h3>\t\t\t\t<\/div>\n\t\t\t\t<\/div>\n\t\t\t\t<div class=\"elementor-element elementor-element-41e5ea4 elementor-widget elementor-widget-text-editor\" data-id=\"41e5ea4\" data-element_type=\"widget\" data-e-type=\"widget\" data-widget_type=\"text-editor.default\">\n\t\t\t\t<div class=\"elementor-widget-container\">\n\t\t\t\t\t\t\t\t\t<h3><img fetchpriority=\"high\" decoding=\"async\" class=\"size-full wp-image-2001 aligncenter\" src=\"https:\/\/www.rimpar.de\/wp-content\/uploads\/2024\/01\/alte_knabenschule_1_2023.jpg\" alt=\"\" width=\"640\" height=\"480\" srcset=\"https:\/\/www.rimpar.de\/wp-content\/uploads\/2024\/01\/alte_knabenschule_1_2023.jpg 640w, https:\/\/www.rimpar.de\/wp-content\/uploads\/2024\/01\/alte_knabenschule_1_2023-300x225.jpg 300w\" sizes=\"(max-width: 640px) 100vw, 640px\" \/><\/h3><h3>Address<\/h3><p>Old Boys' School<br \/>Hofsta\u00dfe 3<br \/>97222 Rimpar<\/p><p>Anmeldung und Anmietung<br \/>Tel.: 09365 8067-203<\/p><h3>Booking plans for clubs (permanent bookings)<\/h3><p><a href=\"https:\/\/calendar.google.com\/calendar\/embed?src=qf3i1eq84iefs5pf4eaa8pp41s%40group.calendar.google.com&amp;ctz=Europe%2FBerlin\" target=\"_blank\" rel=\"noopener\">Booking Plan Old Boys' School<\/a>\u00a0(Click on the link to open the Google calendar).<\/p><h3>Description<\/h3><p>Die Alte Knabenschule ist ein historisches Geb\u00e4ude, das mit Mitteln des Marktes Rimpar und der St\u00e4dtebauf\u00f6rderung des Freistaates Bayern aufw\u00e4ndig saniert wurde. Es dient dem Markt Rimpar als Einrichtung zur F\u00f6rderung des kulturellen und wirtschaftlichen Lebens in der Gemeinde. Veranstaltungen in den R\u00e4umen der Alten Knabenschule haben sich an diesem Zweck zu orientieren. Die Lage in der Ortsmitte bedingt, dass Form und Ablauf von Veranstaltungen sich einem berechtigten Nachbarinteresse nach Schutz vor unverh\u00e4ltnism\u00e4\u00dfiger Beeintr\u00e4chtigung unterordnen m\u00fcssen.<\/p><p>Die Vermietung der R\u00e4umlichkeiten der Alten Knabenschule erfolgt ausschlie\u00dflich durch den Markt Rimpar und richtet sich nach den Vorgaben dieser Nutzungsordnung und einer Geb\u00fchrenordnung.<\/p>\t\t\t\t\t\t\t\t<\/div>\n\t\t\t\t<\/div>\n\t\t\t\t\t<\/div>\n\t\t\t\t<\/div>\n\t\t\t\t\t<\/div>\n\t\t\t\t<\/div>\n\t\t\t\t<\/div>","protected":false},"excerpt":{"rendered":"<p>Anschrift Alte KnabenschuleHofsta\u00dfe 397222 Rimpar Anmeldung und AnmietungTel.: 09365 8067-203 Belegungspl\u00e4ne Vereine (Dauerbelegungen) Belegungsplan Alte Knabenschule\u00a0(Mit einem Klick auf den Link \u00f6ffnet sich der Google-Kalender.) Beschreibung Die Alte Knabenschule ist [&hellip;]<\/p>\n","protected":false},"author":1,"featured_media":0,"parent":1970,"menu_order":0,"comment_status":"closed","ping_status":"closed","template":"elementor_header_footer","meta":{"_acf_changed":false,"footnotes":""},"class_list":["post-1998","page","type-page","status-publish","hentry"],"acf":[],"publishpress_future_workflow_manual_trigger":{"enabledWorkflows":[]},"_links":{"self":[{"href":"https:\/\/www.rimpar.de\/en\/wp-json\/wp\/v2\/pages\/1998","targetHints":{"allow":["GET"]}}],"collection":[{"href":"https:\/\/www.rimpar.de\/en\/wp-json\/wp\/v2\/pages"}],"about":[{"href":"https:\/\/www.rimpar.de\/en\/wp-json\/wp\/v2\/types\/page"}],"author":[{"embeddable":true,"href":"https:\/\/www.rimpar.de\/en\/wp-json\/wp\/v2\/users\/1"}],"replies":[{"embeddable":true,"href":"https:\/\/www.rimpar.de\/en\/wp-json\/wp\/v2\/comments?post=1998"}],"version-history":[{"count":14,"href":"https:\/\/www.rimpar.de\/en\/wp-json\/wp\/v2\/pages\/1998\/revisions"}],"predecessor-version":[{"id":16298,"href":"https:\/\/www.rimpar.de\/en\/wp-json\/wp\/v2\/pages\/1998\/revisions\/16298"}],"up":[{"embeddable":true,"href":"https:\/\/www.rimpar.de\/en\/wp-json\/wp\/v2\/pages\/1970"}],"wp:attachment":[{"href":"https:\/\/www.rimpar.de\/en\/wp-json\/wp\/v2\/media?parent=1998"}],"curies":[{"name":"wp","href":"https:\/\/api.w.org\/{rel}","templated":true}]}}