{"id":15398,"date":"2025-12-17T13:41:42","date_gmt":"2025-12-17T12:41:42","guid":{"rendered":"https:\/\/www.rimpar.de\/?page_id=15398"},"modified":"2026-02-10T17:56:40","modified_gmt":"2026-02-10T16:56:40","slug":"jubilaeumsprodukte","status":"publish","type":"page","link":"https:\/\/www.rimpar.de\/en\/900-jahre-rimpar\/jubilaeumsprodukte\/","title":{"rendered":"Jubil\u00e4umsprodukte"},"content":{"rendered":"<div data-elementor-type=\"wp-page\" data-elementor-id=\"15398\" class=\"elementor elementor-15398\" data-elementor-post-type=\"page\">\n\t\t\t\t<div class=\"elementor-element elementor-element-e6aa1c4 e-flex e-con-boxed e-con e-parent\" data-id=\"e6aa1c4\" data-element_type=\"container\" data-e-type=\"container\" data-settings=\"{&quot;background_background&quot;:&quot;classic&quot;}\">\n\t\t\t\t\t<div class=\"e-con-inner\">\n\t\t<div class=\"elementor-element elementor-element-62ae329 e-con-full e-flex e-con e-child\" data-id=\"62ae329\" data-element_type=\"container\" data-e-type=\"container\">\n\t\t\t\t<div class=\"elementor-element elementor-element-c27743b elementor-widget elementor-widget-heading\" data-id=\"c27743b\" data-element_type=\"widget\" data-e-type=\"widget\" data-widget_type=\"heading.default\">\n\t\t\t\t<div class=\"elementor-widget-container\">\n\t\t\t\t\t<h2 class=\"elementor-heading-title elementor-size-default\">Unsere Jubil\u00e4umsprodukte \n<\/h2>\t\t\t\t<\/div>\n\t\t\t\t<\/div>\n\t\t\t\t<div class=\"elementor-element elementor-element-b452a6a elementor-widget__width-initial elementor-widget elementor-widget-text-editor\" data-id=\"b452a6a\" data-element_type=\"widget\" data-e-type=\"widget\" data-widget_type=\"text-editor.default\">\n\t\t\t\t<div class=\"elementor-widget-container\">\n\t\t\t\t\t\t\t\t\t<p>900 Jahre Rimpar \u2013 das muss man feiern! Und zwar nicht nur mit Festakten, sondern auch mit Dingen, die man anfassen, aufh\u00e4ngen, verschenken oder einfach gen\u00fcsslich vernaschen kann.<br \/>Hier zeigen wir euch, wie kreativ, engagiert und lecker unser Ortsjubil\u00e4um geworden ist: von kalenderreif bis schokoladig, von ofenfrisch bis absolut feierw\u00fcrdig.<\/p><p>Ein herzliches Dankesch\u00f6n an alle Betriebe, Organisationen und Unterst\u00fctzerinnen und Unterst\u00fctzer, die mit Ideen, Herzblut und Tatkraft dabei sind und dieses Jubil\u00e4um im ganzen Ort sichtbar und erlebbar machen.\u00a0<br \/>Viel Spa\u00df beim Entdecken und Vorsicht: Die Jubil\u00e4umsprodukte machen Lust auf mehr!<\/p>\t\t\t\t\t\t\t\t<\/div>\n\t\t\t\t<\/div>\n\t\t\t\t<\/div>\n\t\t<div class=\"elementor-element elementor-element-18e6596 e-con-full e-flex e-con e-child\" data-id=\"18e6596\" data-element_type=\"container\" data-e-type=\"container\">\n\t\t\t\t<\/div>\n\t\t\t\t\t<\/div>\n\t\t\t\t<\/div>\n\t\t<div class=\"elementor-element elementor-element-7bc2221 e-flex e-con-boxed e-con e-parent\" data-id=\"7bc2221\" data-element_type=\"container\" data-e-type=\"container\" data-settings=\"{&quot;background_background&quot;:&quot;classic&quot;}\">\n\t\t\t\t\t<div class=\"e-con-inner\">\n\t\t<div class=\"elementor-element elementor-element-910c6e6 e-con-full e-flex e-con e-child\" data-id=\"910c6e6\" data-element_type=\"container\" data-e-type=\"container\">\n\t\t<div class=\"elementor-element elementor-element-f9492e5 e-con-full e-flex e-con e-child\" data-id=\"f9492e5\" data-element_type=\"container\" data-e-type=\"container\">\n\t\t<div class=\"elementor-element elementor-element-7b38121 e-con-full e-flex e-con e-child\" data-id=\"7b38121\" data-element_type=\"container\" data-e-type=\"container\">\n\t\t\t\t<div class=\"elementor-element elementor-element-f73a6b9 elementor-widget elementor-widget-text-editor\" data-id=\"f73a6b9\" data-element_type=\"widget\" data-e-type=\"widget\" data-widget_type=\"text-editor.default\">\n\t\t\t\t<div class=\"elementor-widget-container\">\n\t\t\t\t\t\t\t\t\t<p style=\"font-weight: 400;\"><strong>Jubil\u00e4umskalender<\/strong><\/p><p style=\"font-weight: 400;\">900 Jahre Rimpar und kein Grund, einen Termin zu vergessen!<br \/>Unser Jubil\u00e4umskalender begleitet euch durchs Jahr, erinnert an besondere Momente und sieht dabei auch noch richtig gut aus. <br \/>Erh\u00e4ltlich im Rathaus, solange der Vorrat reicht.<\/p><p style=\"font-weight: 400;\">\ud83d\udc49 Zuschlagen, aufh\u00e4ngen, freuen!<\/p><p><strong>leider vergriffen\u00a0<\/strong><\/p>\t\t\t\t\t\t\t\t<\/div>\n\t\t\t\t<\/div>\n\t\t\t\t<\/div>\n\t\t<div class=\"elementor-element elementor-element-abe3687 e-con-full e-flex e-con e-child\" data-id=\"abe3687\" data-element_type=\"container\" data-e-type=\"container\">\n\t\t\t\t<div class=\"elementor-element elementor-element-41e0da7 e-transform elementor-widget elementor-widget-image\" data-id=\"41e0da7\" data-element_type=\"widget\" data-e-type=\"widget\" data-settings=\"{&quot;_transform_rotateZ_effect&quot;:{&quot;unit&quot;:&quot;px&quot;,&quot;size&quot;:0,&quot;sizes&quot;:[]},&quot;_transform_rotateZ_effect_tablet&quot;:{&quot;unit&quot;:&quot;deg&quot;,&quot;size&quot;:&quot;&quot;,&quot;sizes&quot;:[]},&quot;_transform_rotateZ_effect_mobile&quot;:{&quot;unit&quot;:&quot;deg&quot;,&quot;size&quot;:&quot;&quot;,&quot;sizes&quot;:[]}}\" data-widget_type=\"image.default\">\n\t\t\t\t<div class=\"elementor-widget-container\">\n\t\t\t\t\t\t\t\t\t\t\t\t\t\t\t<img fetchpriority=\"high\" decoding=\"async\" width=\"800\" height=\"641\" src=\"https:\/\/www.rimpar.de\/wp-content\/uploads\/2025\/12\/Kalender-Jubilaeumsseite-1024x821.jpg\" class=\"attachment-large size-large wp-image-15417\" alt=\"\" srcset=\"https:\/\/www.rimpar.de\/wp-content\/uploads\/2025\/12\/Kalender-Jubilaeumsseite-1024x821.jpg 1024w, https:\/\/www.rimpar.de\/wp-content\/uploads\/2025\/12\/Kalender-Jubilaeumsseite-300x240.jpg 300w, https:\/\/www.rimpar.de\/wp-content\/uploads\/2025\/12\/Kalender-Jubilaeumsseite-768x615.jpg 768w, https:\/\/www.rimpar.de\/wp-content\/uploads\/2025\/12\/Kalender-Jubilaeumsseite-1536x1231.jpg 1536w, https:\/\/www.rimpar.de\/wp-content\/uploads\/2025\/12\/Kalender-Jubilaeumsseite-2048x1641.jpg 2048w, https:\/\/www.rimpar.de\/wp-content\/uploads\/2025\/12\/Kalender-Jubilaeumsseite-15x12.jpg 15w\" sizes=\"(max-width: 800px) 100vw, 800px\" \/>\t\t\t\t\t\t\t\t\t\t\t\t\t\t\t<\/div>\n\t\t\t\t<\/div>\n\t\t\t\t<\/div>\n\t\t\t\t<\/div>\n\t\t<div class=\"elementor-element elementor-element-2a6988e e-con-full e-flex e-con e-child\" data-id=\"2a6988e\" data-element_type=\"container\" data-e-type=\"container\">\n\t\t<div class=\"elementor-element elementor-element-314880f e-con-full e-flex e-con e-child\" data-id=\"314880f\" data-element_type=\"container\" data-e-type=\"container\">\n\t\t<div class=\"elementor-element elementor-element-dbb8f65 e-con-full e-flex e-con e-child\" data-id=\"dbb8f65\" data-element_type=\"container\" data-e-type=\"container\">\n\t\t\t\t<div class=\"elementor-element elementor-element-82ca25c elementor-widget elementor-widget-text-editor\" data-id=\"82ca25c\" data-element_type=\"widget\" data-e-type=\"widget\" data-widget_type=\"text-editor.default\">\n\t\t\t\t<div class=\"elementor-widget-container\">\n\t\t\t\t\t\t\t\t\t<p><strong>Jubil\u00e4umssecco &amp; Jubil\u00e4umswein<\/strong><\/p><p>Die Vorfreude auf unser Ortsjubil\u00e4um steigt und was w\u00e4re ein solches Fest ohne die passenden Genussmomente?<\/p><p>F\u00fcr diesen besonderen Anlass haben unsere Winzerinnen und Winzer eigens Jubil\u00e4umsgetr\u00e4nke f\u00fcr uns geschaffen:<br \/>&#8211; Jubil\u00e4umssecco vom Weingut Veitsm\u00fchle<br \/>&#8211; Jubil\u00e4umswein Silvaner vom Weingut Neubert<br \/>&#8211; Jubil\u00e4umswein M\u00fcller &#8211; Thurgau vom Weingut Sch\u00f6mig<br \/>Nat\u00fcrlich haben wir auch f\u00fcr die passenden Gl\u00e4ser mit unserem Jubil\u00e4umslogo gesorgt.<\/p><p>\ud83d\udc49 Sto\u00dft mit uns an und feiert unser Ortsjubil\u00e4um!<\/p>\t\t\t\t\t\t\t\t<\/div>\n\t\t\t\t<\/div>\n\t\t\t\t<\/div>\n\t\t<div class=\"elementor-element elementor-element-fb79959 e-con-full e-flex e-con e-child\" data-id=\"fb79959\" data-element_type=\"container\" data-e-type=\"container\">\n\t\t\t\t<div class=\"elementor-element elementor-element-5d9cc3f e-transform elementor-widget elementor-widget-image\" data-id=\"5d9cc3f\" data-element_type=\"widget\" data-e-type=\"widget\" data-settings=\"{&quot;_transform_rotateZ_effect&quot;:{&quot;unit&quot;:&quot;px&quot;,&quot;size&quot;:0,&quot;sizes&quot;:[]},&quot;_transform_rotateZ_effect_tablet&quot;:{&quot;unit&quot;:&quot;deg&quot;,&quot;size&quot;:&quot;&quot;,&quot;sizes&quot;:[]},&quot;_transform_rotateZ_effect_mobile&quot;:{&quot;unit&quot;:&quot;deg&quot;,&quot;size&quot;:&quot;&quot;,&quot;sizes&quot;:[]}}\" data-widget_type=\"image.default\">\n\t\t\t\t<div class=\"elementor-widget-container\">\n\t\t\t\t\t\t\t\t\t\t\t\t\t\t\t<img decoding=\"async\" width=\"800\" height=\"600\" src=\"https:\/\/www.rimpar.de\/wp-content\/uploads\/2025\/12\/Jubilaeumswein-quer-1024x768.jpg\" class=\"attachment-large size-large wp-image-15499\" alt=\"\" srcset=\"https:\/\/www.rimpar.de\/wp-content\/uploads\/2025\/12\/Jubilaeumswein-quer-1024x768.jpg 1024w, https:\/\/www.rimpar.de\/wp-content\/uploads\/2025\/12\/Jubilaeumswein-quer-300x225.jpg 300w, https:\/\/www.rimpar.de\/wp-content\/uploads\/2025\/12\/Jubilaeumswein-quer-768x576.jpg 768w, https:\/\/www.rimpar.de\/wp-content\/uploads\/2025\/12\/Jubilaeumswein-quer-1536x1152.jpg 1536w, https:\/\/www.rimpar.de\/wp-content\/uploads\/2025\/12\/Jubilaeumswein-quer-2048x1536.jpg 2048w, https:\/\/www.rimpar.de\/wp-content\/uploads\/2025\/12\/Jubilaeumswein-quer-16x12.jpg 16w\" sizes=\"(max-width: 800px) 100vw, 800px\" \/>\t\t\t\t\t\t\t\t\t\t\t\t\t\t\t<\/div>\n\t\t\t\t<\/div>\n\t\t\t\t<\/div>\n\t\t\t\t<\/div>\n\t\t\t\t<\/div>\n\t\t<div class=\"elementor-element elementor-element-a32d5c8 e-con-full e-flex e-con e-child\" data-id=\"a32d5c8\" data-element_type=\"container\" data-e-type=\"container\">\n\t\t<div class=\"elementor-element elementor-element-2239130 e-con-full e-flex e-con e-child\" data-id=\"2239130\" data-element_type=\"container\" data-e-type=\"container\">\n\t\t<div class=\"elementor-element elementor-element-baa9200 e-con-full e-flex e-con e-child\" data-id=\"baa9200\" data-element_type=\"container\" data-e-type=\"container\">\n\t\t\t\t<div class=\"elementor-element elementor-element-13b1daf elementor-widget elementor-widget-text-editor\" data-id=\"13b1daf\" data-element_type=\"widget\" data-e-type=\"widget\" data-widget_type=\"text-editor.default\">\n\t\t\t\t<div class=\"elementor-widget-container\">\n\t\t\t\t\t\t\t\t\t<p><strong>Jubil\u00e4umskaffee\u00a0<\/strong><\/p><p data-start=\"93\" data-end=\"681\" data-is-last-node=\"\" data-is-only-node=\"\">Zum 900-j\u00e4hrigen Ortsjubil\u00e4um gibt es im Rimparer Weltladen neben der beliebten Jubil\u00e4umsschokolade jetzt auch Fairtrade-Kaffee mit eigens entworfenen Jubil\u00e4umsetiketten.<\/p><p data-start=\"93\" data-end=\"681\" data-is-last-node=\"\" data-is-only-node=\"\">Der Jubil\u00e4umskaffee ist ein besonderes Genussprodukt. Aromatisch, fair gehandelt und genau richtig f\u00fcr alle, die das Festjahr nicht nur feiern, sondern auch schmecken m\u00f6chten.<\/p><p data-start=\"395\" data-end=\"501\">\ud83d\udc49 Perfekt f\u00fcr den Start in den Tag, die Kaffeepause zwischendurch oder als kleines Jubil\u00e4umsgeschenk.<\/p><p data-start=\"93\" data-end=\"681\" data-is-last-node=\"\" data-is-only-node=\"\">\u00a0<\/p>\t\t\t\t\t\t\t\t<\/div>\n\t\t\t\t<\/div>\n\t\t\t\t<\/div>\n\t\t<div class=\"elementor-element elementor-element-5ef076a e-con-full e-flex e-con e-child\" data-id=\"5ef076a\" data-element_type=\"container\" data-e-type=\"container\">\n\t\t\t\t<div class=\"elementor-element elementor-element-cc0b3ac e-transform elementor-widget elementor-widget-image\" data-id=\"cc0b3ac\" data-element_type=\"widget\" data-e-type=\"widget\" data-settings=\"{&quot;_transform_rotateZ_effect&quot;:{&quot;unit&quot;:&quot;px&quot;,&quot;size&quot;:0,&quot;sizes&quot;:[]},&quot;_transform_rotateZ_effect_tablet&quot;:{&quot;unit&quot;:&quot;deg&quot;,&quot;size&quot;:&quot;&quot;,&quot;sizes&quot;:[]},&quot;_transform_rotateZ_effect_mobile&quot;:{&quot;unit&quot;:&quot;deg&quot;,&quot;size&quot;:&quot;&quot;,&quot;sizes&quot;:[]}}\" data-widget_type=\"image.default\">\n\t\t\t\t<div class=\"elementor-widget-container\">\n\t\t\t\t\t\t\t\t\t\t\t\t\t\t\t<img decoding=\"async\" width=\"800\" height=\"485\" src=\"https:\/\/www.rimpar.de\/wp-content\/uploads\/2026\/01\/20260115_152934_resized-1-e1768550313615-1024x621.jpg\" class=\"attachment-large size-large wp-image-15726\" alt=\"\" srcset=\"https:\/\/www.rimpar.de\/wp-content\/uploads\/2026\/01\/20260115_152934_resized-1-e1768550313615-1024x621.jpg 1024w, https:\/\/www.rimpar.de\/wp-content\/uploads\/2026\/01\/20260115_152934_resized-1-e1768550313615-300x182.jpg 300w, https:\/\/www.rimpar.de\/wp-content\/uploads\/2026\/01\/20260115_152934_resized-1-e1768550313615-768x466.jpg 768w, https:\/\/www.rimpar.de\/wp-content\/uploads\/2026\/01\/20260115_152934_resized-1-e1768550313615-1536x932.jpg 1536w, https:\/\/www.rimpar.de\/wp-content\/uploads\/2026\/01\/20260115_152934_resized-1-e1768550313615-18x12.jpg 18w, https:\/\/www.rimpar.de\/wp-content\/uploads\/2026\/01\/20260115_152934_resized-1-e1768550313615.jpg 1992w\" sizes=\"(max-width: 800px) 100vw, 800px\" \/>\t\t\t\t\t\t\t\t\t\t\t\t\t\t\t<\/div>\n\t\t\t\t<\/div>\n\t\t\t\t<\/div>\n\t\t\t\t<\/div>\n\t\t\t\t<\/div>\n\t\t<div class=\"elementor-element elementor-element-61b8667 e-con-full e-flex e-con e-child\" data-id=\"61b8667\" data-element_type=\"container\" data-e-type=\"container\">\n\t\t<div class=\"elementor-element elementor-element-d17075c e-con-full e-flex e-con e-child\" data-id=\"d17075c\" data-element_type=\"container\" data-e-type=\"container\">\n\t\t\t\t<div class=\"elementor-element elementor-element-76508f8 elementor-widget elementor-widget-text-editor\" data-id=\"76508f8\" data-element_type=\"widget\" data-e-type=\"widget\" data-widget_type=\"text-editor.default\">\n\t\t\t\t<div class=\"elementor-widget-container\">\n\t\t\t\t\t\t\t\t\t<p style=\"font-weight: 400;\"><strong>Jubil\u00e4umsschokolade<\/strong><\/p><p style=\"font-weight: 400;\">So schmeckt Rimparer Geschichte!<br \/>Unsere Jubil\u00e4umsschokolade vom Rimparer Weltladen ist fair gehandelt, richtig lecker und von Grundschul-K\u00fcnstlerinnen und -K\u00fcnstlern gestaltet. Nat\u00fcrlich gibt es auch die klassische Version. <br \/>Ob Vollmilch oder Zartbitter, hier wird nicht nur der Gaumen gl\u00fccklich, sondern auch das Herz.<\/p><p style=\"font-weight: 400;\">\ud83d\udc49 Im Weltladen f\u00fcr 3,80 \u20ac pro Tafel. Und\u00a0 Vorsicht: Kann schneller weg sein, als man \u201e900 Jahre\u201c sagen kann.<\/p>\t\t\t\t\t\t\t\t<\/div>\n\t\t\t\t<\/div>\n\t\t\t\t<\/div>\n\t\t<div class=\"elementor-element elementor-element-d94bc0f e-con-full e-flex e-con e-child\" data-id=\"d94bc0f\" data-element_type=\"container\" data-e-type=\"container\">\n\t\t\t\t<div class=\"elementor-element elementor-element-28837f0 elementor-widget elementor-widget-image\" data-id=\"28837f0\" data-element_type=\"widget\" data-e-type=\"widget\" data-widget_type=\"image.default\">\n\t\t\t\t<div class=\"elementor-widget-container\">\n\t\t\t\t\t\t\t\t\t\t\t\t\t\t\t<img loading=\"lazy\" decoding=\"async\" width=\"800\" height=\"662\" src=\"https:\/\/www.rimpar.de\/wp-content\/uploads\/2025\/12\/Jubel-Schoggi-Kinder-1-1024x847.jpg\" class=\"attachment-large size-large wp-image-15410\" alt=\"\" srcset=\"https:\/\/www.rimpar.de\/wp-content\/uploads\/2025\/12\/Jubel-Schoggi-Kinder-1-1024x847.jpg 1024w, https:\/\/www.rimpar.de\/wp-content\/uploads\/2025\/12\/Jubel-Schoggi-Kinder-1-300x248.jpg 300w, https:\/\/www.rimpar.de\/wp-content\/uploads\/2025\/12\/Jubel-Schoggi-Kinder-1-768x635.jpg 768w, https:\/\/www.rimpar.de\/wp-content\/uploads\/2025\/12\/Jubel-Schoggi-Kinder-1-1536x1271.jpg 1536w, https:\/\/www.rimpar.de\/wp-content\/uploads\/2025\/12\/Jubel-Schoggi-Kinder-1-2048x1694.jpg 2048w, https:\/\/www.rimpar.de\/wp-content\/uploads\/2025\/12\/Jubel-Schoggi-Kinder-1-15x12.jpg 15w\" sizes=\"(max-width: 800px) 100vw, 800px\" \/>\t\t\t\t\t\t\t\t\t\t\t\t\t\t\t<\/div>\n\t\t\t\t<\/div>\n\t\t\t\t<\/div>\n\t\t\t\t<\/div>\n\t\t<div class=\"elementor-element elementor-element-a0da199 e-con-full e-flex e-con e-child\" data-id=\"a0da199\" data-element_type=\"container\" data-e-type=\"container\">\n\t\t<div class=\"elementor-element elementor-element-8902c2d e-con-full e-flex e-con e-child\" data-id=\"8902c2d\" data-element_type=\"container\" data-e-type=\"container\">\n\t\t\t\t<div class=\"elementor-element elementor-element-857a4d5 elementor-widget elementor-widget-text-editor\" data-id=\"857a4d5\" data-element_type=\"widget\" data-e-type=\"widget\" data-widget_type=\"text-editor.default\">\n\t\t\t\t<div class=\"elementor-widget-container\">\n\t\t\t\t\t\t\t\t\t<p style=\"font-weight: 400;\"><strong>Jubil\u00e4umsmuffins<\/strong><\/p><p style=\"font-weight: 400;\">Geschichte zum Reinbei\u00dfen!<br \/>Die Jubil\u00e4umsmuffins von der B\u00e4ckerei Brandstetter sorgen ab dem<br \/>2. Januar 2026 f\u00fcr s\u00fc\u00dfe Jubil\u00e4umsmomente. Mit Schoko-Power und Jubil\u00e4umslogo sind sie in der Filiale in Rimpar erh\u00e4ltlich.<\/p><p style=\"font-weight: 400;\">\ud83d\udc49 Perfekt zum Genie\u00dfen, Verschenken oder Feiern.<\/p>\t\t\t\t\t\t\t\t<\/div>\n\t\t\t\t<\/div>\n\t\t\t\t<\/div>\n\t\t<div class=\"elementor-element elementor-element-b722ad7 e-con-full e-flex e-con e-child\" data-id=\"b722ad7\" data-element_type=\"container\" data-e-type=\"container\">\n\t\t\t\t<div class=\"elementor-element elementor-element-a7aa812 elementor-widget elementor-widget-image\" data-id=\"a7aa812\" data-element_type=\"widget\" data-e-type=\"widget\" data-widget_type=\"image.default\">\n\t\t\t\t<div class=\"elementor-widget-container\">\n\t\t\t\t\t\t\t\t\t\t\t\t\t\t\t<img loading=\"lazy\" decoding=\"async\" width=\"800\" height=\"600\" src=\"https:\/\/www.rimpar.de\/wp-content\/uploads\/2025\/12\/Brandstetter-Muffins-1024x768.jpg\" class=\"attachment-large size-large wp-image-15409\" alt=\"\" srcset=\"https:\/\/www.rimpar.de\/wp-content\/uploads\/2025\/12\/Brandstetter-Muffins-1024x768.jpg 1024w, https:\/\/www.rimpar.de\/wp-content\/uploads\/2025\/12\/Brandstetter-Muffins-300x225.jpg 300w, https:\/\/www.rimpar.de\/wp-content\/uploads\/2025\/12\/Brandstetter-Muffins-768x576.jpg 768w, https:\/\/www.rimpar.de\/wp-content\/uploads\/2025\/12\/Brandstetter-Muffins-1536x1152.jpg 1536w, https:\/\/www.rimpar.de\/wp-content\/uploads\/2025\/12\/Brandstetter-Muffins-2048x1536.jpg 2048w, https:\/\/www.rimpar.de\/wp-content\/uploads\/2025\/12\/Brandstetter-Muffins-16x12.jpg 16w\" sizes=\"(max-width: 800px) 100vw, 800px\" \/>\t\t\t\t\t\t\t\t\t\t\t\t\t\t\t<\/div>\n\t\t\t\t<\/div>\n\t\t\t\t<\/div>\n\t\t\t\t<\/div>\n\t\t<div class=\"elementor-element elementor-element-bcfeacc e-con-full e-flex e-con e-child\" data-id=\"bcfeacc\" data-element_type=\"container\" data-e-type=\"container\">\n\t\t<div class=\"elementor-element elementor-element-f20a4d7 e-con-full e-flex e-con e-child\" data-id=\"f20a4d7\" data-element_type=\"container\" data-e-type=\"container\">\n\t\t\t\t<div class=\"elementor-element elementor-element-ae666a9 elementor-widget elementor-widget-text-editor\" data-id=\"ae666a9\" data-element_type=\"widget\" data-e-type=\"widget\" data-widget_type=\"text-editor.default\">\n\t\t\t\t<div class=\"elementor-widget-container\">\n\t\t\t\t\t\t\t\t\t<p style=\"font-weight: 400;\"><strong>Jubil\u00e4umswurst<\/strong><\/p><p data-start=\"60\" data-end=\"304\">Zum Jubil\u00e4umsjahr gibt es ein besonderes Schmankerl: die Jubil\u00e4umswurst, eigens hergestellt von der Metzgerei Hollerbach. Bereits beim Auftakt am Kobel wurde sie vom Keidelshof verkauft und kam bestens an.<\/p><p data-start=\"306\" data-end=\"547\">Wer sich ein St\u00fcck Jubil\u00e4um mit nach Hause nehmen m\u00f6chte: Die Jubil\u00e4umswurst gibt es weiterhin auf dem Keidelshof und auf dem Bauernmarkt. Ab M\u00e4rz ist sie au\u00dferdem auch in den Filialen der Metzgerei Hollerbach erh\u00e4ltlich.<\/p><p data-start=\"549\" data-end=\"605\" data-is-last-node=\"\" data-is-only-node=\"\">\ud83d\udc49 Ideal f\u00fcr die Brotzeit oder als kleines Mitbringsel!<\/p>\t\t\t\t\t\t\t\t<\/div>\n\t\t\t\t<\/div>\n\t\t\t\t<\/div>\n\t\t<div class=\"elementor-element elementor-element-870ffd4 e-con-full e-flex e-con e-child\" data-id=\"870ffd4\" data-element_type=\"container\" data-e-type=\"container\">\n\t\t\t\t<div class=\"elementor-element elementor-element-83bf845 elementor-widget elementor-widget-image\" data-id=\"83bf845\" data-element_type=\"widget\" data-e-type=\"widget\" data-widget_type=\"image.default\">\n\t\t\t\t<div class=\"elementor-widget-container\">\n\t\t\t\t\t\t\t\t\t\t\t\t\t\t\t<img loading=\"lazy\" decoding=\"async\" width=\"800\" height=\"534\" src=\"https:\/\/www.rimpar.de\/wp-content\/uploads\/2026\/02\/Rimpar-Jubilaeum-Wurstplatte-mit-Beilagen-1024x683.png\" class=\"attachment-large size-large wp-image-15939\" alt=\"\" srcset=\"https:\/\/www.rimpar.de\/wp-content\/uploads\/2026\/02\/Rimpar-Jubilaeum-Wurstplatte-mit-Beilagen-1024x683.png 1024w, https:\/\/www.rimpar.de\/wp-content\/uploads\/2026\/02\/Rimpar-Jubilaeum-Wurstplatte-mit-Beilagen-300x200.png 300w, https:\/\/www.rimpar.de\/wp-content\/uploads\/2026\/02\/Rimpar-Jubilaeum-Wurstplatte-mit-Beilagen-768x512.png 768w, https:\/\/www.rimpar.de\/wp-content\/uploads\/2026\/02\/Rimpar-Jubilaeum-Wurstplatte-mit-Beilagen-18x12.png 18w, https:\/\/www.rimpar.de\/wp-content\/uploads\/2026\/02\/Rimpar-Jubilaeum-Wurstplatte-mit-Beilagen.png 1536w\" sizes=\"(max-width: 800px) 100vw, 800px\" \/>\t\t\t\t\t\t\t\t\t\t\t\t\t\t\t<\/div>\n\t\t\t\t<\/div>\n\t\t\t\t<\/div>\n\t\t\t\t<\/div>\n\t\t\t\t<\/div>\n\t\t\t\t\t<\/div>\n\t\t\t\t<\/div>\n\t\t\t\t<\/div>","protected":false},"excerpt":{"rendered":"<p>Unsere Jubil\u00e4umsprodukte 900 Jahre Rimpar \u2013 das muss man feiern! Und zwar nicht nur mit Festakten, sondern auch mit Dingen, die man anfassen, aufh\u00e4ngen, verschenken oder einfach gen\u00fcsslich vernaschen kann.Hier [&hellip;]<\/p>\n","protected":false},"author":1,"featured_media":0,"parent":12310,"menu_order":0,"comment_status":"closed","ping_status":"closed","template":"elementor_header_footer","meta":{"_acf_changed":false,"footnotes":""},"class_list":["post-15398","page","type-page","status-publish","hentry"],"acf":[],"publishpress_future_workflow_manual_trigger":{"enabledWorkflows":[]},"_links":{"self":[{"href":"https:\/\/www.rimpar.de\/en\/wp-json\/wp\/v2\/pages\/15398","targetHints":{"allow":["GET"]}}],"collection":[{"href":"https:\/\/www.rimpar.de\/en\/wp-json\/wp\/v2\/pages"}],"about":[{"href":"https:\/\/www.rimpar.de\/en\/wp-json\/wp\/v2\/types\/page"}],"author":[{"embeddable":true,"href":"https:\/\/www.rimpar.de\/en\/wp-json\/wp\/v2\/users\/1"}],"replies":[{"embeddable":true,"href":"https:\/\/www.rimpar.de\/en\/wp-json\/wp\/v2\/comments?post=15398"}],"version-history":[{"count":50,"href":"https:\/\/www.rimpar.de\/en\/wp-json\/wp\/v2\/pages\/15398\/revisions"}],"predecessor-version":[{"id":15977,"href":"https:\/\/www.rimpar.de\/en\/wp-json\/wp\/v2\/pages\/15398\/revisions\/15977"}],"up":[{"embeddable":true,"href":"https:\/\/www.rimpar.de\/en\/wp-json\/wp\/v2\/pages\/12310"}],"wp:attachment":[{"href":"https:\/\/www.rimpar.de\/en\/wp-json\/wp\/v2\/media?parent=15398"}],"curies":[{"name":"wp","href":"https:\/\/api.w.org\/{rel}","templated":true}]}}