{"id":12600,"date":"2025-08-19T20:26:31","date_gmt":"2025-08-19T18:26:31","guid":{"rendered":"https:\/\/www.rimpar.de\/?page_id=12600"},"modified":"2025-12-08T12:18:30","modified_gmt":"2025-12-08T11:18:30","slug":"grussworte","status":"publish","type":"page","link":"https:\/\/www.rimpar.de\/en\/900-jahre-rimpar\/grussworte\/","title":{"rendered":"Gru\u00dfworte"},"content":{"rendered":"<div data-elementor-type=\"wp-page\" data-elementor-id=\"12600\" class=\"elementor elementor-12600\" data-elementor-post-type=\"page\">\n\t\t\t\t<div class=\"elementor-element elementor-element-e6aa1c4 e-flex e-con-boxed e-con e-parent\" data-id=\"e6aa1c4\" data-element_type=\"container\" data-e-type=\"container\" data-settings=\"{&quot;background_background&quot;:&quot;classic&quot;}\">\n\t\t\t\t\t<div class=\"e-con-inner\">\n\t\t<div class=\"elementor-element elementor-element-62ae329 e-con-full e-flex e-con e-child\" data-id=\"62ae329\" data-element_type=\"container\" data-e-type=\"container\">\n\t\t\t\t<div class=\"elementor-element elementor-element-c27743b elementor-widget elementor-widget-heading\" data-id=\"c27743b\" data-element_type=\"widget\" data-e-type=\"widget\" data-widget_type=\"heading.default\">\n\t\t\t\t<div class=\"elementor-widget-container\">\n\t\t\t\t\t<h2 class=\"elementor-heading-title elementor-size-default\"> Worte, die verbinden<\/h2>\t\t\t\t<\/div>\n\t\t\t\t<\/div>\n\t\t\t\t<div class=\"elementor-element elementor-element-b452a6a elementor-widget__width-initial elementor-widget elementor-widget-text-editor\" data-id=\"b452a6a\" data-element_type=\"widget\" data-e-type=\"widget\" data-widget_type=\"text-editor.default\">\n\t\t\t\t<div class=\"elementor-widget-container\">\n\t\t\t\t\t\t\t\t\t<div class=\"boxed\"><p>Jubil\u00e4en sind besondere Meilensteine des gemeinsamen Weges \u2013 ein Anlass, innezuhalten,\u00a0 \u00a0zur\u00fcckzuschauen und dabei auch das eine oder andere Mal schmunzelnd zu staunen, was wir schon alles erlebt haben.<\/p><div id=\"lipsum\"><div class=\"boxed\"><div id=\"lipsum\"><p data-start=\"393\" data-end=\"647\">Hier finden Sie die Gru\u00dfworte. Sie w\u00fcrdigen unsere Geschichte, erinnern an sch\u00f6ne Momente und richten den Blick voller Hoffnung und Zuversicht in die Zukunft.<\/p><p data-start=\"649\" data-end=\"742\">Denn was w\u00e4ren Feste ohne Worte, die bewegen und ohne Menschen, die sie mit Leben f\u00fcllen?<\/p><\/div><\/div><\/div><\/div>\t\t\t\t\t\t\t\t<\/div>\n\t\t\t\t<\/div>\n\t\t\t\t<div class=\"elementor-element elementor-element-7ea9395 elementor-widget__width-initial elementor-widget elementor-widget-button\" data-id=\"7ea9395\" data-element_type=\"widget\" data-e-type=\"widget\" data-widget_type=\"button.default\">\n\t\t\t\t<div class=\"elementor-widget-container\">\n\t\t\t\t\t\t\t\t\t<div class=\"elementor-button-wrapper\">\n\t\t\t\t\t<a class=\"elementor-button elementor-button-link elementor-size-sm\" href=\"https:\/\/www.rimpar.de\/en\/900-jahre-rimpar\/veranstaltungen\/\">\n\t\t\t\t\t\t<span class=\"elementor-button-content-wrapper\">\n\t\t\t\t\t\t\t\t\t<span class=\"elementor-button-text\">zu den Veranstaltungen<\/span>\n\t\t\t\t\t<\/span>\n\t\t\t\t\t<\/a>\n\t\t\t\t<\/div>\n\t\t\t\t\t\t\t\t<\/div>\n\t\t\t\t<\/div>\n\t\t\t\t<\/div>\n\t\t<div class=\"elementor-element elementor-element-18e6596 e-con-full e-flex e-con e-child\" data-id=\"18e6596\" data-element_type=\"container\" data-e-type=\"container\">\n\t\t\t\t<\/div>\n\t\t\t\t\t<\/div>\n\t\t\t\t<\/div>\n\t\t<div class=\"elementor-element elementor-element-7bc2221 e-flex e-con-boxed e-con e-parent\" data-id=\"7bc2221\" data-element_type=\"container\" data-e-type=\"container\" data-settings=\"{&quot;background_background&quot;:&quot;classic&quot;}\">\n\t\t\t\t\t<div class=\"e-con-inner\">\n\t\t<div class=\"elementor-element elementor-element-910c6e6 e-con-full e-flex e-con e-child\" data-id=\"910c6e6\" data-element_type=\"container\" data-e-type=\"container\">\n\t\t\t\t<div class=\"elementor-element elementor-element-21f0915 elementor-widget elementor-widget-heading\" data-id=\"21f0915\" data-element_type=\"widget\" data-e-type=\"widget\" data-widget_type=\"heading.default\">\n\t\t\t\t<div class=\"elementor-widget-container\">\n\t\t\t\t\t<h2 class=\"elementor-heading-title elementor-size-default\">Gru\u00dfwort des 1. B\u00fcrgermeisters Bernhard Weidner<\/h2>\t\t\t\t<\/div>\n\t\t\t\t<\/div>\n\t\t<div class=\"elementor-element elementor-element-f9492e5 e-con-full e-flex e-con e-child\" data-id=\"f9492e5\" data-element_type=\"container\" data-e-type=\"container\">\n\t\t<div class=\"elementor-element elementor-element-a0fcc60 e-con-full e-flex e-con e-child\" data-id=\"a0fcc60\" data-element_type=\"container\" data-e-type=\"container\">\n\t\t\t\t<div class=\"elementor-element elementor-element-03020ef elementor-widget elementor-widget-image\" data-id=\"03020ef\" data-element_type=\"widget\" data-e-type=\"widget\" data-widget_type=\"image.default\">\n\t\t\t\t<div class=\"elementor-widget-container\">\n\t\t\t\t\t\t\t\t\t\t\t\t\t\t\t<img fetchpriority=\"high\" decoding=\"async\" width=\"1500\" height=\"2250\" src=\"https:\/\/www.rimpar.de\/wp-content\/uploads\/2025\/08\/Foto-Studio_Schwab_Remlingen15-min.jpg\" class=\"attachment-full size-full wp-image-12609\" alt=\"\" srcset=\"https:\/\/www.rimpar.de\/wp-content\/uploads\/2025\/08\/Foto-Studio_Schwab_Remlingen15-min.jpg 1500w, https:\/\/www.rimpar.de\/wp-content\/uploads\/2025\/08\/Foto-Studio_Schwab_Remlingen15-min-200x300.jpg 200w, https:\/\/www.rimpar.de\/wp-content\/uploads\/2025\/08\/Foto-Studio_Schwab_Remlingen15-min-683x1024.jpg 683w, https:\/\/www.rimpar.de\/wp-content\/uploads\/2025\/08\/Foto-Studio_Schwab_Remlingen15-min-768x1152.jpg 768w, https:\/\/www.rimpar.de\/wp-content\/uploads\/2025\/08\/Foto-Studio_Schwab_Remlingen15-min-1024x1536.jpg 1024w, https:\/\/www.rimpar.de\/wp-content\/uploads\/2025\/08\/Foto-Studio_Schwab_Remlingen15-min-1365x2048.jpg 1365w, https:\/\/www.rimpar.de\/wp-content\/uploads\/2025\/08\/Foto-Studio_Schwab_Remlingen15-min-8x12.jpg 8w\" sizes=\"(max-width: 1500px) 100vw, 1500px\" \/>\t\t\t\t\t\t\t\t\t\t\t\t\t\t\t<\/div>\n\t\t\t\t<\/div>\n\t\t\t\t<\/div>\n\t\t<div class=\"elementor-element elementor-element-6e5ae66 e-con-full e-flex e-con e-child\" data-id=\"6e5ae66\" data-element_type=\"container\" data-e-type=\"container\">\n\t\t\t\t<div class=\"elementor-element elementor-element-1b3e263 elementor-widget elementor-widget-text-editor\" data-id=\"1b3e263\" data-element_type=\"widget\" data-e-type=\"widget\" data-widget_type=\"text-editor.default\">\n\t\t\t\t<div class=\"elementor-widget-container\">\n\t\t\t\t\t\t\t\t\t<p>Dear citizens,<\/p><p>wieso ist es in Rimpar so sch\u00f6n? Wieso f\u00fchlen wir uns hier so wohl?<\/p><p>Wir sind Dorf. Dorf im besten Sinn. Dorf ist mehr als nur eine Ansammlung von H\u00e4usern \u2013 es ist ein \u00fcberschaubarer Lebensraum, in dem sich Menschen kennen, gegenseitig unterst\u00fctzen und oft \u00fcber Generationen verwurzelt sind. Es gibt N\u00e4he, Verl\u00e4sslichkeit und meist auch eine gemeinsame Geschichte und Kultur.<\/p><p>Eine Dorfgemeinschaft im besten Sinn ist gepr\u00e4gt von Zusammenhalt, indem man sich gegenseitig hilft \u2013 sei es im Alltag oder in Notlagen \u2013 von Engagement, weil sich viele freiwillig einbringen, etwa bei Festen, im Verein oder im Gemeinderat, sowie von Vertrauen, das dadurch entsteht, dass man sich kennt, miteinander spricht und Konflikte direkt kl\u00e4rt. Sie lebt von gelebten Traditionen und Ritualen wie Kirchweih, Dorffesten und dem Maibaum, die Identit\u00e4t stiften, und vom gemeinsamen Leben, bei dem Kinder miteinander aufwachsen, \u00c4ltere mitgetragen werden und das Dorf ein Lebensraum f\u00fcr alle Generationen ist.<\/p><p>Rimpar \u2013 das ist nicht nur ein Ort auf der Landkarte, das ist ein Ort mit Seele, mit Geschichte, mit Charakter. Seit 1126 urkundlich erw\u00e4hnt, spannt sich unser geschichtlicher Bogen weit \u00fcber 900 Jahre \u2013 bis zur\u00fcck in die Jungsteinzeit, als hier erste Menschen siedelten, W\u00e4lder rodeten und den Grundstein f\u00fcr unser heutiges Zuhause legten. Die durch den Heimatforscher Alfons Arnold im Jahr 1963 aufgefundene Jahreszahl 1126 wurde durch die Entdeckung der Originalurkunde durch Edwin Hamberger im Bayerischen Staatsarchiv best\u00e4tigt.<\/p><p>Rimpar war nie blo\u00df Zuschauer der Geschichte \u2013 wir waren mittendrin: Heimat derer von Grumbach, Ort gro\u00dfer Entscheidungen, tiefer Umbr\u00fcche und beeindruckender Pers\u00f6nlichkeiten. Wir denken an Bisch\u00f6fe und Ritter, an Bauernf\u00fchrer und Rebellen, an Pioniere wie die Lehman-Br\u00fcder, die von hier aus in die Welt hinausgingen.<\/p><p>Unsere Mauern erz\u00e4hlen von F\u00fcrstbisch\u00f6fen, von Kriegen und K\u00e4mpfen, von Glauben, Aufbruch, Wandel. Vom Grumbach\u2019schen Epos bis zur digitalen Gigabitkommune \u2013 Rimpar hat sich bewahrt, gewandelt und erneuert.<\/p><p>Diese 900 Jahre erf\u00fcllen uns mit Stolz. Sie sind Mahnung und Motivation zugleich. Denn Geschichte ist kein Kapitel, das endet \u2013 sie wird weitergeschrieben.<\/p><p>Ich freue mich ganz besonders und danke von Herzen, dass Ministerpr\u00e4sident Dr. Markus S\u00f6der die Schirmherrschaft f\u00fcr die Feierlichkeiten zum 900. Ortsjubil\u00e4um \u00fcbernommen hat. Diese Wertsch\u00e4tzung durch den Freistaat Bayern nterstreicht die Bedeutung unseres Jubil\u00e4ums und ehrt unsere Gemeinde in besonderer Weise.<\/p><p>Rimpar: reich an Geschichte, stark in der Gegenwart, bereit f\u00fcr die Zukunft. Lassen wir uns diesen Geist bewahren und gemeinsam weitertragen \u2013 f\u00fcr eine gute, lebendige Zukunft unseres Ortes.<\/p><p>Mein herzlicher Dank gilt allen, die sich mit so viel Engagement und Leidenschaft in die Vorbereitung und Durchf\u00fchrung der Festtage einbringen. Ich w\u00fcnsche den Feierlichkeiten bestes Gelingen, allen sch\u00f6ne Begegnungen, unvergessliche Momente und vor allem viel Freude.<\/p><p>Herzliche Gr\u00fc\u00dfe<\/p><p>Bernhard Weidner,<br \/>B\u00fcrgermeister<\/p><p>\u00a0<\/p>\t\t\t\t\t\t\t\t<\/div>\n\t\t\t\t<\/div>\n\t\t\t\t<\/div>\n\t\t\t\t<\/div>\n\t\t\t\t<\/div>\n\t\t\t\t\t<\/div>\n\t\t\t\t<\/div>\n\t\t<div class=\"elementor-element elementor-element-ecc5654 e-flex e-con-boxed e-con e-parent\" data-id=\"ecc5654\" data-element_type=\"container\" data-e-type=\"container\" data-settings=\"{&quot;background_background&quot;:&quot;classic&quot;}\">\n\t\t\t\t\t<div class=\"e-con-inner\">\n\t\t<div class=\"elementor-element elementor-element-cb87bca e-con-full e-flex e-con e-child\" data-id=\"cb87bca\" data-element_type=\"container\" data-e-type=\"container\">\n\t\t\t\t<div class=\"elementor-element elementor-element-2ec3241 elementor-widget elementor-widget-heading\" data-id=\"2ec3241\" data-element_type=\"widget\" data-e-type=\"widget\" data-widget_type=\"heading.default\">\n\t\t\t\t<div class=\"elementor-widget-container\">\n\t\t\t\t\t<h2 class=\"elementor-heading-title elementor-size-default\">Gru\u00dfwort des Bayerischen Ministerpr\u00e4sidenten und Schirmherrn\n Dr. Markus S\u00f6der<\/h2>\t\t\t\t<\/div>\n\t\t\t\t<\/div>\n\t\t<div class=\"elementor-element elementor-element-a9dace9 e-con-full e-flex e-con e-child\" data-id=\"a9dace9\" data-element_type=\"container\" data-e-type=\"container\">\n\t\t<div class=\"elementor-element elementor-element-1a06b13 e-con-full e-flex e-con e-child\" data-id=\"1a06b13\" data-element_type=\"container\" data-e-type=\"container\">\n\t\t\t\t<div class=\"elementor-element elementor-element-babb9e1 elementor-widget elementor-widget-image\" data-id=\"babb9e1\" data-element_type=\"widget\" data-e-type=\"widget\" data-widget_type=\"image.default\">\n\t\t\t\t<div class=\"elementor-widget-container\">\n\t\t\t\t\t\t\t\t\t\t\t\t\t\t\t<img decoding=\"async\" width=\"1000\" height=\"1200\" src=\"https:\/\/www.rimpar.de\/wp-content\/uploads\/2025\/08\/250630_Portrait_2133x2560px-min.jpg\" class=\"attachment-full size-full wp-image-12620\" alt=\"\" srcset=\"https:\/\/www.rimpar.de\/wp-content\/uploads\/2025\/08\/250630_Portrait_2133x2560px-min.jpg 1000w, https:\/\/www.rimpar.de\/wp-content\/uploads\/2025\/08\/250630_Portrait_2133x2560px-min-250x300.jpg 250w, https:\/\/www.rimpar.de\/wp-content\/uploads\/2025\/08\/250630_Portrait_2133x2560px-min-853x1024.jpg 853w, https:\/\/www.rimpar.de\/wp-content\/uploads\/2025\/08\/250630_Portrait_2133x2560px-min-768x922.jpg 768w, https:\/\/www.rimpar.de\/wp-content\/uploads\/2025\/08\/250630_Portrait_2133x2560px-min-10x12.jpg 10w\" sizes=\"(max-width: 1000px) 100vw, 1000px\" \/>\t\t\t\t\t\t\t\t\t\t\t\t\t\t\t<\/div>\n\t\t\t\t<\/div>\n\t\t\t\t<\/div>\n\t\t<div class=\"elementor-element elementor-element-d61efae e-con-full e-flex e-con e-child\" data-id=\"d61efae\" data-element_type=\"container\" data-e-type=\"container\">\n\t\t\t\t<div class=\"elementor-element elementor-element-6c8f160 elementor-widget elementor-widget-text-editor\" data-id=\"6c8f160\" data-element_type=\"widget\" data-e-type=\"widget\" data-widget_type=\"text-editor.default\">\n\t\t\t\t<div class=\"elementor-widget-container\">\n\t\t\t\t\t\t\t\t\t<p>Rimpar feiert 900. Geburtstag &#8211; und die ganze Gemeinde feiert mit! Dabei steht im Mittelpunkt, was das Leben hier ausmacht: Zusammenhalt, Gemeinschaft und ein aktives Miteinander. Mit einem beeindruckenden Festprogramm erinnern die B\u00fcrgerinnen und B\u00fcrger an die reiche Geschichte des Ortes und w\u00fcrdigen voller Freude und berechtigtem Stolz die Gegenwart.<\/p><p>Rimpar steht f\u00fcr echte Lebensqualit\u00e4t. Historische Bauwerke wie Schloss Grumbach und Alte Knabenschule geben Zeugnis von der Vergangenheit, als Kultur- und Veranstaltungsr\u00e4ume sind sie im Hier und Jetzt fest verankert. Tradition und Moderne geh\u00f6ren in Rimpar zusammen. Bildungseinrichtungen und Sportvereine, Familienst\u00fctzpunkt und Seniorenrat zeigen: Die Gemeinde ist f\u00fcr Jung und Alt attraktiv, hier wird an jede Generation gedacht. Dar\u00fcber hinaus bietet der Ort mit seiner idyllischen Lage im Fr\u00e4nkischen Weinland Einheimischen und G\u00e4sten Erholung und Naturerlebnis. Insbesondere vom Kobel aus er\u00f6ffnen sich einmalige Ausblicke \u00fcber die unterfr\u00e4nkische Landschaft!<\/p><p>Das alles unterstreicht: In Rimpar l\u00e4sst es sich sehr gut leben! Im tiefen Bewusstsein um die eigenen Wurzeln finden die Menschen Identit\u00e4t und daraus sch\u00f6pfen sie Kraft f\u00fcr die Zukunft. So gestalten sie heute, was morgen z\u00e4hlt.<\/p><p>Herzlichen Gl\u00fcckwunsch zum Jubil\u00e4um, Dank und Anerkennung allen Beteiligten f\u00fcr ihr Engagement!<\/p><p>Dr. Markus S\u00f6der<br \/>Bayerischer Ministerpr\u00e4sident<\/p>\t\t\t\t\t\t\t\t<\/div>\n\t\t\t\t<\/div>\n\t\t\t\t<\/div>\n\t\t\t\t<\/div>\n\t\t\t\t<\/div>\n\t\t\t\t\t<\/div>\n\t\t\t\t<\/div>\n\t\t<div class=\"elementor-element elementor-element-e32816e e-flex e-con-boxed e-con e-parent\" data-id=\"e32816e\" data-element_type=\"container\" data-e-type=\"container\" data-settings=\"{&quot;background_background&quot;:&quot;classic&quot;}\">\n\t\t\t\t\t<div class=\"e-con-inner\">\n\t\t<div class=\"elementor-element elementor-element-5da830b e-con-full e-flex e-con e-child\" data-id=\"5da830b\" data-element_type=\"container\" data-e-type=\"container\">\n\t\t\t\t<div class=\"elementor-element elementor-element-f0da1b2 elementor-widget elementor-widget-heading\" data-id=\"f0da1b2\" data-element_type=\"widget\" data-e-type=\"widget\" data-widget_type=\"heading.default\">\n\t\t\t\t<div class=\"elementor-widget-container\">\n\t\t\t\t\t<h2 class=\"elementor-heading-title elementor-size-default\">Gru\u00dfwort des Landtagsabgeordneten Bj\u00f6rn Jungbauer<\/h2>\t\t\t\t<\/div>\n\t\t\t\t<\/div>\n\t\t<div class=\"elementor-element elementor-element-75a6f08 e-con-full e-flex e-con e-child\" data-id=\"75a6f08\" data-element_type=\"container\" data-e-type=\"container\">\n\t\t<div class=\"elementor-element elementor-element-fa4a1b4 e-con-full e-flex e-con e-child\" data-id=\"fa4a1b4\" data-element_type=\"container\" data-e-type=\"container\">\n\t\t\t\t<div class=\"elementor-element elementor-element-3f75e65 elementor-widget elementor-widget-image\" data-id=\"3f75e65\" data-element_type=\"widget\" data-e-type=\"widget\" data-widget_type=\"image.default\">\n\t\t\t\t<div class=\"elementor-widget-container\">\n\t\t\t\t\t\t\t\t\t\t\t\t\t\t\t<img decoding=\"async\" width=\"1181\" height=\"1726\" src=\"https:\/\/www.rimpar.de\/wp-content\/uploads\/2025\/09\/BjoernJungbauer_Bild_Grussworte_03.png\" class=\"attachment-full size-full wp-image-14431\" alt=\"\" srcset=\"https:\/\/www.rimpar.de\/wp-content\/uploads\/2025\/09\/BjoernJungbauer_Bild_Grussworte_03.png 1181w, https:\/\/www.rimpar.de\/wp-content\/uploads\/2025\/09\/BjoernJungbauer_Bild_Grussworte_03-205x300.png 205w, https:\/\/www.rimpar.de\/wp-content\/uploads\/2025\/09\/BjoernJungbauer_Bild_Grussworte_03-701x1024.png 701w, https:\/\/www.rimpar.de\/wp-content\/uploads\/2025\/09\/BjoernJungbauer_Bild_Grussworte_03-768x1122.png 768w, https:\/\/www.rimpar.de\/wp-content\/uploads\/2025\/09\/BjoernJungbauer_Bild_Grussworte_03-1051x1536.png 1051w, https:\/\/www.rimpar.de\/wp-content\/uploads\/2025\/09\/BjoernJungbauer_Bild_Grussworte_03-8x12.png 8w\" sizes=\"(max-width: 1181px) 100vw, 1181px\" \/>\t\t\t\t\t\t\t\t\t\t\t\t\t\t\t<\/div>\n\t\t\t\t<\/div>\n\t\t\t\t<\/div>\n\t\t<div class=\"elementor-element elementor-element-243ca61 e-con-full e-flex e-con e-child\" data-id=\"243ca61\" data-element_type=\"container\" data-e-type=\"container\">\n\t\t\t\t<div class=\"elementor-element elementor-element-b0c1eda elementor-widget elementor-widget-text-editor\" data-id=\"b0c1eda\" data-element_type=\"widget\" data-e-type=\"widget\" data-widget_type=\"text-editor.default\">\n\t\t\t\t<div class=\"elementor-widget-container\">\n\t\t\t\t\t\t\t\t\t<p>Sehr geehrte Damen und Herren,<\/p><p>liebe Festg\u00e4ste,<\/p><p>im Jahr 2026 darf die Marktgemeinde Rimpar ihr 900-j\u00e4hriges Jubil\u00e4um der ersten urkundlichen Erw\u00e4hnung feiern. Pers\u00f6nlich und als Landtagsabgeordneter darf ich aufs herzlichste zu diesem herausragenden Anlass gratulieren. Ich freue mich sehr, dass unser Ministerpr\u00e4sident Dr. Markus S\u00f6der die Schirmherrschaft \u00fcbernommen hat und die Feierlichkeiten mit seinem Besuch beehren wird.<\/p><p>1126 urkundlich zum ersten Mal als \u201eRintburi\u201c erw\u00e4hnt, war das Gebiet bereits seit langem besiedelt. G\u00fcnstige geologische Bedingungen sorgten daf\u00fcr, dass sich Menschen hier gerne ansiedeln und Landschaft und Geschichte pr\u00e4gen konnten. Das Adelsgeschlecht derer von Grumbach, F\u00fcrstbischof Julius Echter oder Tilman Riemenschneider haben in Bauwerken wie Schloss Grumbach und der Klosterkirche Maidbronn ihre Spuren hinterlassen. Geschichte wird somit in Rimpar auch in unserer Gegenwart sicht- und dadurch greifbar.<\/p><p>Die heutigen Einwohner von Gramschatz, Maidbronn und Rimpar f\u00fchren diese fort und bringen sich in die Gemeinschaft ein. Sie engagieren sich in Vereinen, gestalten das Ortsbild und halten damit die Gemeinde lebendig. Zusammenhalt und tatkr\u00e4ftiges Anpacken zeigen sich besonders bei den Jubil\u00e4umsfeierlichkeiten: Um den Geburtstag geb\u00fchrend zu begehen, haben zahlreiche M\u00e4nner und Frauen in die Organisation und Durchf\u00fchrung viel Zeit und Energie eingebracht. Sie haben ein attraktives und abwechslungsreiches Festprogramm auf die Beine gestellt. F\u00fcr ihren gro\u00dfartigen Einsatz darf ich allen Verantwortlichen, Organisatoren und Helfern aufrichtigen Dank und meine Anerkennung aussprechen. Sicher bin ich mir, dass die Feierlichkeiten als besondere Ehrentage in die Ortsgeschichte eingehen werden.<\/p><p>Rimpar tr\u00e4gt mit seiner reichen kulturellen Tradition, engagierten B\u00fcrgerinnen und B\u00fcrgern, einer attraktiven Natur- und Kulturlandschaft und noch vielem mehr zur Attraktivit\u00e4t unseres sch\u00f6nen Landkreises bei. Lassen Sie uns dieses Erbe gemeinsam nicht nur verwalten, sondern weiterhin aktiv gestalten!<\/p><p>Ich freue mich auf den Besuch der Jubil\u00e4ums-Feierlichkeiten und viele Begegnungen. Diesen w\u00fcnsche ich einen harmonischen und erfolgreichen Verlauf sowie allen G\u00e4sten und Besuchern viel Freude beim Feiern.<\/p><p>Ihr<strong>\u00a0<\/strong><\/p><p>Bj\u00f6rn Jungbauer<strong><br \/><\/strong>Landtagsabgeordneter f\u00fcr den Stimmkreis W\u00fcrzburg-Land<\/p>\t\t\t\t\t\t\t\t<\/div>\n\t\t\t\t<\/div>\n\t\t\t\t<\/div>\n\t\t\t\t<\/div>\n\t\t\t\t<\/div>\n\t\t\t\t\t<\/div>\n\t\t\t\t<\/div>\n\t\t<div class=\"elementor-element elementor-element-e7668bc e-flex e-con-boxed e-con e-parent\" data-id=\"e7668bc\" data-element_type=\"container\" data-e-type=\"container\" data-settings=\"{&quot;background_background&quot;:&quot;classic&quot;}\">\n\t\t\t\t\t<div class=\"e-con-inner\">\n\t\t<div class=\"elementor-element elementor-element-9cc433d e-con-full e-flex e-con e-child\" data-id=\"9cc433d\" data-element_type=\"container\" data-e-type=\"container\">\n\t\t\t\t<div class=\"elementor-element elementor-element-4701947 elementor-widget elementor-widget-heading\" data-id=\"4701947\" data-element_type=\"widget\" data-e-type=\"widget\" data-widget_type=\"heading.default\">\n\t\t\t\t<div class=\"elementor-widget-container\">\n\t\t\t\t\t<h2 class=\"elementor-heading-title elementor-size-default\">Gru\u00dfwort des Landrates Thomas Eberth<\/h2>\t\t\t\t<\/div>\n\t\t\t\t<\/div>\n\t\t<div class=\"elementor-element elementor-element-b54c78d e-con-full e-flex e-con e-child\" data-id=\"b54c78d\" data-element_type=\"container\" data-e-type=\"container\">\n\t\t<div class=\"elementor-element elementor-element-da9f525 e-con-full e-flex e-con e-child\" data-id=\"da9f525\" data-element_type=\"container\" data-e-type=\"container\">\n\t\t\t\t<div class=\"elementor-element elementor-element-2a3d568 elementor-widget elementor-widget-image\" data-id=\"2a3d568\" data-element_type=\"widget\" data-e-type=\"widget\" data-widget_type=\"image.default\">\n\t\t\t\t<div class=\"elementor-widget-container\">\n\t\t\t\t\t\t\t\t\t\t\t\t\t\t\t<img loading=\"lazy\" decoding=\"async\" width=\"617\" height=\"412\" src=\"https:\/\/www.rimpar.de\/wp-content\/uploads\/2025\/08\/Picture1.jpg\" class=\"attachment-full size-full wp-image-12614\" alt=\"\" srcset=\"https:\/\/www.rimpar.de\/wp-content\/uploads\/2025\/08\/Picture1.jpg 617w, https:\/\/www.rimpar.de\/wp-content\/uploads\/2025\/08\/Picture1-300x200.jpg 300w, https:\/\/www.rimpar.de\/wp-content\/uploads\/2025\/08\/Picture1-18x12.jpg 18w\" sizes=\"(max-width: 617px) 100vw, 617px\" \/>\t\t\t\t\t\t\t\t\t\t\t\t\t\t\t<\/div>\n\t\t\t\t<\/div>\n\t\t\t\t<\/div>\n\t\t<div class=\"elementor-element elementor-element-f2ef3a0 e-con-full e-flex e-con e-child\" data-id=\"f2ef3a0\" data-element_type=\"container\" data-e-type=\"container\">\n\t\t\t\t<div class=\"elementor-element elementor-element-e4da9c7 elementor-widget elementor-widget-text-editor\" data-id=\"e4da9c7\" data-element_type=\"widget\" data-e-type=\"widget\" data-widget_type=\"text-editor.default\">\n\t\t\t\t<div class=\"elementor-widget-container\">\n\t\t\t\t\t\t\t\t\t<p><b>\u201e900 Jahre Rimpar \u2013 eine Gemeinde mit Geschichte und Zukunft\u201c<\/b><\/p><p>Liebe B\u00fcrgerinnen und B\u00fcrger von Rimpar, <br \/>sehr geehrte G\u00e4ste,<\/p><p>900 Jahre \u2013 was f\u00fcr eine beeindruckende Zahl! Sie steht f\u00fcr eine lange, bewegte Geschichte, f\u00fcr Generationen von Menschen, die diesen Ort gepr\u00e4gt haben, und f\u00fcr eine Zukunft, die mit viel Engagement und Weitblick gestaltet wird.<\/p><p>Die Marktgemeinde Rimpar ist ein bedeutender Teil unseres Landkreises W\u00fcrzburg \u2013 historisch, kulturell und wirtschaftlich. Die Urspr\u00fcnge reichen weit zur\u00fcck, bis ins Hochmittelalter, als die \u201eHerren von Rimpar\u201c hier lebten und die Region mitpr\u00e4gten. Das Schloss Grumbach, das bis heute als kulturelles Zentrum und Wahrzeichen \u00fcber den Ort wacht, erinnert an diese Zeit und macht die Geschichte erlebbar.<\/p><p>Doch Rimpar ist nicht nur ein Ort der Tradition, sondern auch ein Ort des Fortschritts. Die Gemeinde hat sich stetig weiterentwickelt und bietet heute ein vielf\u00e4ltiges Bildungsangebot, eine starke Wirtschaftsstruktur und ein reges Vereinsleben. Besonders bekannt ist Rimpar f\u00fcr seine sportlichen Erfolge \u2013 allen voran die Rimparer W\u00f6lfe, die den Namen der Gemeinde weit \u00fcber die Landkreisgrenzen hinaus bekannt gemacht haben.<\/p><p>Als Landrat wei\u00df ich, wie wichtig Orte wie Rimpar f\u00fcr die gesamte Region sind. Sie tragen zur kulturellen Vielfalt bei, sie sind Heimat f\u00fcr engagierte B\u00fcrgerinnen und B\u00fcrger, sie verbinden Vergangenheit und Zukunft auf eindrucksvolle Weise. Rimpar ist ein Ort mit Charakter, mit einer starken Gemeinschaft und einer tiefen Verbundenheit zu seiner Geschichte.<\/p><p>Ein solches Jubil\u00e4um ist ein Anlass, auf das Erreichte stolz zu sein, sich an die Vergangenheit zu erinnern und gleichzeitig mit Zuversicht nach vorne zu blicken. Ich danke allen, die sich f\u00fcr die Gemeinde einsetzen, sei es in der Kommunalpolitik, in den Vereinen oder im sozialen und kulturellen Bereich. Es ist Ihr Engagement, das Rimpar lebendig h\u00e4lt und f\u00fcr die kommenden Generationen gestaltet.<\/p><p>Herzlichen Gl\u00fcckwunsch zu 900 Jahren Rimpar \u2013 auf viele weitere erfolgreiche Jahre in einer starken Gemeinschaft!<\/p><p>Mit den besten W\u00fcnschen<\/p><p>Thomas Eberth<br \/>Landrat des Landkreises W\u00fcrzburg<\/p>\t\t\t\t\t\t\t\t<\/div>\n\t\t\t\t<\/div>\n\t\t\t\t<\/div>\n\t\t\t\t<\/div>\n\t\t\t\t<\/div>\n\t\t\t\t\t<\/div>\n\t\t\t\t<\/div>\n\t\t\t\t<\/div>","protected":false},"excerpt":{"rendered":"<p>Worte, die verbinden Jubil\u00e4en sind besondere Meilensteine des gemeinsamen Weges \u2013 ein Anlass, innezuhalten,\u00a0 \u00a0zur\u00fcckzuschauen und dabei auch das eine oder andere Mal schmunzelnd zu staunen, was wir schon alles [&hellip;]<\/p>\n","protected":false},"author":1,"featured_media":0,"parent":12310,"menu_order":0,"comment_status":"closed","ping_status":"closed","template":"elementor_header_footer","meta":{"_acf_changed":false,"footnotes":""},"class_list":["post-12600","page","type-page","status-publish","hentry"],"acf":[],"publishpress_future_workflow_manual_trigger":{"enabledWorkflows":[]},"_links":{"self":[{"href":"https:\/\/www.rimpar.de\/en\/wp-json\/wp\/v2\/pages\/12600","targetHints":{"allow":["GET"]}}],"collection":[{"href":"https:\/\/www.rimpar.de\/en\/wp-json\/wp\/v2\/pages"}],"about":[{"href":"https:\/\/www.rimpar.de\/en\/wp-json\/wp\/v2\/types\/page"}],"author":[{"embeddable":true,"href":"https:\/\/www.rimpar.de\/en\/wp-json\/wp\/v2\/users\/1"}],"replies":[{"embeddable":true,"href":"https:\/\/www.rimpar.de\/en\/wp-json\/wp\/v2\/comments?post=12600"}],"version-history":[{"count":70,"href":"https:\/\/www.rimpar.de\/en\/wp-json\/wp\/v2\/pages\/12600\/revisions"}],"predecessor-version":[{"id":15321,"href":"https:\/\/www.rimpar.de\/en\/wp-json\/wp\/v2\/pages\/12600\/revisions\/15321"}],"up":[{"embeddable":true,"href":"https:\/\/www.rimpar.de\/en\/wp-json\/wp\/v2\/pages\/12310"}],"wp:attachment":[{"href":"https:\/\/www.rimpar.de\/en\/wp-json\/wp\/v2\/media?parent=12600"}],"curies":[{"name":"wp","href":"https:\/\/api.w.org\/{rel}","templated":true}]}}